{"id":6569,"date":"2023-04-27T12:32:03","date_gmt":"2023-04-27T10:32:03","guid":{"rendered":"https:\/\/svommehal.frederikshavn.dk\/childrens-birthday-parties\/"},"modified":"2025-02-24T11:52:39","modified_gmt":"2025-02-24T10:52:39","slug":"childrens-birthday-parties","status":"publish","type":"page","link":"https:\/\/svommehal.frederikshavn.dk\/en\/indoor-swimming-pool\/childrens-birthday-parties\/","title":{"rendered":"Children&#8217;s birthday parties"},"content":{"rendered":"<section class=\"wpb-content-wrapper\"><p>[vc_row full_width=&#8221;stretch_row&#8221; el_class=&#8221;light&#8221;][vc_column]<div class=\"ult-spacer spacer-69d05c57af9fe\" data-id=\"69d05c57af9fe\" data-height=\"90\" data-height-mobile=\"60\" data-height-tab=\"90\" data-height-tab-portrait=\"60\" data-height-mobile-landscape=\"60\" style=\"clear:both;display:block;\"><\/div>[vc_row_inner equal_height=&#8221;yes&#8221;][vc_column_inner width=&#8221;1\/2&#8243; offset=&#8221;vc_col-lg-8 vc_col-md-8 vc_col-xs-12&#8243;]<div class=\"ult-spacer spacer-69d05c57afa41\" data-id=\"69d05c57afa41\" data-height=\"60\" data-height-mobile=\"0\" data-height-tab=\"60\" data-height-tab-portrait=\"0\" data-height-mobile-landscape=\"0\" style=\"clear:both;display:block;\"><\/div>[vc_column_text]<\/p>\n<h1>Children&#8217;s birthday parties<\/h1>\n<h2>Have a fun and different children&#8217;s birthday party<\/h2>\n<p>The caf\u00e9 would love to host your next birthday party. We have 3 different menus to choose from, the birthday child chooses one of the 3 options. <\/p>\n<p>You can set the table in the caf\u00e9 or in the swimming pool. Call <a href=\"tel:98438523\">(+45) 98 43 85 23<\/a> for more information.[\/vc_column_text]<div class=\"ult-spacer spacer-69d05c57afa67\" data-id=\"69d05c57afa67\" data-height=\"60\" data-height-mobile=\"0\" data-height-tab=\"60\" data-height-tab-portrait=\"0\" data-height-mobile-landscape=\"0\" style=\"clear:both;display:block;\"><\/div>[\/vc_column_inner][vc_column_inner width=&#8221;1\/2&#8243; offset=&#8221;vc_col-lg-4 vc_col-md-4 vc_hidden-sm vc_col-xs-12 vc_hidden-xs&#8221; css=&#8221;.vc_custom_1739279213661{margin-right: 30px !important;margin-left: 30px !important;background-position: center !important;background-repeat: no-repeat !important;background-size: cover !important;}&#8221;][\/vc_column_inner][\/vc_row_inner]<div class=\"ult-spacer spacer-69d05c57afa89\" data-id=\"69d05c57afa89\" data-height=\"90\" data-height-mobile=\"60\" data-height-tab=\"90\" data-height-tab-portrait=\"60\" data-height-mobile-landscape=\"60\" style=\"clear:both;display:block;\"><\/div>[\/vc_column][\/vc_row][vc_row full_width=&#8221;stretch_row_content_no_spaces&#8221; equal_height=&#8221;yes&#8221;][vc_column css_animation=&#8221;fadeInLeft&#8221; offset=&#8221;vc_col-lg-6 vc_col-md-6 vc_col-xs-12&#8243; css=&#8221;.vc_custom_1739279277634{background-image: url(https:\/\/svommehal.frederikshavn.dk\/wp-content\/uploads\/2025\/02\/img-3804-scaled.jpg?id=6233) !important;background-position: center !important;background-repeat: no-repeat !important;background-size: cover !important;}&#8221;]<div class=\"ult-spacer spacer-69d05c57afaa8\" data-id=\"69d05c57afaa8\" data-height=\"0\" data-height-mobile=\"200\" data-height-tab=\"0\" data-height-tab-portrait=\"300\" data-height-mobile-landscape=\"250\" style=\"clear:both;display:block;\"><\/div>[\/vc_column][vc_column css_animation=&#8221;fadeInRight&#8221; el_class=&#8221;stretch&#8221; offset=&#8221;vc_col-lg-6 vc_col-md-6 vc_col-xs-12&#8243;]<div class=\"ult-spacer spacer-69d05c57afac6\" data-id=\"69d05c57afac6\" data-height=\"60\" data-height-mobile=\"0\" data-height-tab=\"60\" data-height-tab-portrait=\"0\" data-height-mobile-landscape=\"0\" style=\"clear:both;display:block;\"><\/div>[vc_column_text]<\/p>\n<h3>Menu 1<\/h3>\n<ul>\n<li>Entrance to the swimming pool<\/li>\n<li>2 red sausages w\/ French fries<\/li>\n<li>Slush ice &amp; soda ice<\/li>\n<li>Gift for the birthday child<\/li>\n<\/ul>\n<p><strong>Price per person: 110 kr.<\/strong><\/p>\n<h3>Menu 2<\/h3>\n<ul>\n<li>Entrance to the swimming pool<\/li>\n<li>4 nuggets w\/ French fries<\/li>\n<li>Slush ice &amp; soda ice<\/li>\n<li>Gift for the birthday child<\/li>\n<\/ul>\n<p><strong>Price per person: 110 kr.<\/strong>[\/vc_column_text]<div class=\"ult-spacer spacer-69d05c57afae3\" data-id=\"69d05c57afae3\" data-height=\"60\" data-height-mobile=\"0\" data-height-tab=\"60\" data-height-tab-portrait=\"0\" data-height-mobile-landscape=\"0\" style=\"clear:both;display:block;\"><\/div>[\/vc_column][\/vc_row][vc_row full_width=&#8221;stretch_row_content_no_spaces&#8221; equal_height=&#8221;yes&#8221; el_class=&#8221;reverse&#8221;][vc_column css_animation=&#8221;fadeInDown&#8221; el_class=&#8221;stretch&#8221; offset=&#8221;vc_col-lg-6 vc_col-md-6 vc_col-xs-12&#8243;]<div class=\"ult-spacer spacer-69d05c57afafe\" data-id=\"69d05c57afafe\" data-height=\"60\" data-height-mobile=\"0\" data-height-tab=\"60\" data-height-tab-portrait=\"0\" data-height-mobile-landscape=\"0\" style=\"clear:both;display:block;\"><\/div>[vc_column_text]<\/p>\n<h3>Menu 3<\/h3>\n<ul>\n<li>Entrance to the swimming pool<\/li>\n<li>Do it yourself burger with fries<\/li>\n<li>Slush ice &amp; soda ice<\/li>\n<li>Gift for the birthday child<\/li>\n<\/ul>\n<p><strong>Price per person: 110 kr.<\/strong><\/p>\n<p>Book your birthday party by calling <a href=\"tel:98438523\">(+45) 98 43 85 23<\/a>.<\/p>\n<p>Sincerely &#8211; Cafe Hyggestunden[\/vc_column_text]<div class=\"ult-spacer spacer-69d05c57afb21\" data-id=\"69d05c57afb21\" data-height=\"60\" data-height-mobile=\"0\" data-height-tab=\"60\" data-height-tab-portrait=\"0\" data-height-mobile-landscape=\"0\" style=\"clear:both;display:block;\"><\/div>[\/vc_column][vc_column css_animation=&#8221;fadeInRight&#8221; offset=&#8221;vc_col-lg-6 vc_col-md-6 vc_col-xs-12&#8243; css=&#8221;.vc_custom_1739279379633{background-image: url(https:\/\/svommehal.frederikshavn.dk\/wp-content\/uploads\/2025\/02\/img-3239-scaled.jpg?id=6293) !important;background-position: center !important;background-repeat: no-repeat !important;background-size: cover !important;}&#8221;]<div class=\"ult-spacer spacer-69d05c57afb3d\" data-id=\"69d05c57afb3d\" data-height=\"0\" data-height-mobile=\"200\" data-height-tab=\"0\" data-height-tab-portrait=\"300\" data-height-mobile-landscape=\"250\" style=\"clear:both;display:block;\"><\/div>[\/vc_column][\/vc_row]<\/p>\n<\/section>","protected":false},"excerpt":{"rendered":"<p>[vc_row full_width=&#8221;stretch_row&#8221; el_class=&#8221;light&#8221;][vc_column][vc_row_inner equal_height=&#8221;yes&#8221;][vc_column_inner width=&#8221;1\/2&#8243; offset=&#8221;vc_col-lg-8 vc_col-md-8 vc_col-xs-12&#8243;][vc_column_text] Children&#8217;s birthday parties Have a fun and different children&#8217;s birthday party The caf\u00e9 would love to host your next birthday party. We have 3 different menus to choose from, the birthday child chooses one of the 3 options. You can set the table in the caf\u00e9 or &#8230; <a title=\"Children&#8217;s birthday parties\" class=\"read-more\" href=\"https:\/\/svommehal.frederikshavn.dk\/en\/indoor-swimming-pool\/childrens-birthday-parties\/\" aria-label=\"More on Children&#8217;s birthday parties\">Read more<\/a><\/p>\n","protected":false},"author":1,"featured_media":6294,"parent":6664,"menu_order":12,"comment_status":"closed","ping_status":"closed","template":"","meta":{"_acf_changed":false,"footnotes":""},"categories":[],"class_list":["post-6569","page","type-page","status-publish","has-post-thumbnail"],"acf":[],"yoast_head":"<!-- This site is optimized with the Yoast SEO plugin v27.2 - https:\/\/yoast.com\/product\/yoast-seo-wordpress\/ -->\n<title>Children&#039;s birthday parties &#183; Frederikshavn Sv\u00f8mmehal<\/title>\n<meta name=\"robots\" content=\"index, follow, max-snippet:-1, max-image-preview:large, max-video-preview:-1\" \/>\n<link rel=\"canonical\" href=\"https:\/\/svommehal.frederikshavn.dk\/en\/indoor-swimming-pool\/childrens-birthday-parties\/\" \/>\n<meta property=\"og:locale\" content=\"en_US\" \/>\n<meta property=\"og:type\" content=\"article\" \/>\n<meta property=\"og:title\" content=\"Children&#039;s birthday parties &#183; Frederikshavn Sv\u00f8mmehal\" \/>\n<meta property=\"og:description\" content=\"[vc_row full_width=&#8221;stretch_row&#8221; el_class=&#8221;light&#8221;][vc_column][vc_row_inner equal_height=&#8221;yes&#8221;][vc_column_inner width=&#8221;1\/2&#8243; offset=&#8221;vc_col-lg-8 vc_col-md-8 vc_col-xs-12&#8243;][vc_column_text] Children&#8217;s birthday parties Have a fun and different children&#8217;s birthday party The caf\u00e9 would love to host your next birthday party. We have 3 different menus to choose from, the birthday child chooses one of the 3 options. You can set the table in the caf\u00e9 or ... Read more\" \/>\n<meta property=\"og:url\" content=\"https:\/\/svommehal.frederikshavn.dk\/en\/indoor-swimming-pool\/childrens-birthday-parties\/\" \/>\n<meta property=\"og:site_name\" content=\"Frederikshavn Sv\u00f8mmehal\" \/>\n<meta property=\"article:modified_time\" content=\"2025-02-24T10:52:39+00:00\" \/>\n<meta property=\"og:image\" content=\"https:\/\/svommehal.frederikshavn.dk\/wp-content\/uploads\/2025\/02\/img-3239-scaled.jpg\" \/>\n\t<meta property=\"og:image:width\" content=\"2048\" \/>\n\t<meta property=\"og:image:height\" content=\"1430\" \/>\n\t<meta property=\"og:image:type\" content=\"image\/jpeg\" \/>\n<meta name=\"twitter:card\" content=\"summary_large_image\" \/>\n<meta name=\"twitter:label1\" content=\"Est. reading time\" \/>\n\t<meta name=\"twitter:data1\" content=\"3 minutes\" \/>\n<script type=\"application\/ld+json\" class=\"yoast-schema-graph\">{\"@context\":\"https:\/\/schema.org\",\"@graph\":[{\"@type\":\"WebPage\",\"@id\":\"https:\/\/svommehal.frederikshavn.dk\/en\/indoor-swimming-pool\/childrens-birthday-parties\/\",\"url\":\"https:\/\/svommehal.frederikshavn.dk\/en\/indoor-swimming-pool\/childrens-birthday-parties\/\",\"name\":\"Children's birthday parties &#183; Frederikshavn Sv\u00f8mmehal\",\"isPartOf\":{\"@id\":\"https:\/\/svommehal.frederikshavn.dk\/en\/#website\"},\"primaryImageOfPage\":{\"@id\":\"https:\/\/svommehal.frederikshavn.dk\/en\/indoor-swimming-pool\/childrens-birthday-parties\/#primaryimage\"},\"image\":{\"@id\":\"https:\/\/svommehal.frederikshavn.dk\/en\/indoor-swimming-pool\/childrens-birthday-parties\/#primaryimage\"},\"thumbnailUrl\":\"https:\/\/svommehal.frederikshavn.dk\/wp-content\/uploads\/2025\/02\/img-3239-scaled.jpg\",\"datePublished\":\"2023-04-27T10:32:03+00:00\",\"dateModified\":\"2025-02-24T10:52:39+00:00\",\"breadcrumb\":{\"@id\":\"https:\/\/svommehal.frederikshavn.dk\/en\/indoor-swimming-pool\/childrens-birthday-parties\/#breadcrumb\"},\"inLanguage\":\"en-US\",\"potentialAction\":[{\"@type\":\"ReadAction\",\"target\":[\"https:\/\/svommehal.frederikshavn.dk\/en\/indoor-swimming-pool\/childrens-birthday-parties\/\"]}]},{\"@type\":\"ImageObject\",\"inLanguage\":\"en-US\",\"@id\":\"https:\/\/svommehal.frederikshavn.dk\/en\/indoor-swimming-pool\/childrens-birthday-parties\/#primaryimage\",\"url\":\"https:\/\/svommehal.frederikshavn.dk\/wp-content\/uploads\/2025\/02\/img-3239-scaled.jpg\",\"contentUrl\":\"https:\/\/svommehal.frederikshavn.dk\/wp-content\/uploads\/2025\/02\/img-3239-scaled.jpg\",\"width\":2048,\"height\":1430,\"caption\":\"B\u00f8rnef\u00f8dselsdag i sv\u00f8mmehal i Frederikshavn\"},{\"@type\":\"BreadcrumbList\",\"@id\":\"https:\/\/svommehal.frederikshavn.dk\/en\/indoor-swimming-pool\/childrens-birthday-parties\/#breadcrumb\",\"itemListElement\":[{\"@type\":\"ListItem\",\"position\":1,\"name\":\"Hjem\",\"item\":\"https:\/\/svommehal.frederikshavn.dk\/en\/home-page\/\"},{\"@type\":\"ListItem\",\"position\":2,\"name\":\"Indoor swimming pool\",\"item\":\"https:\/\/svommehal.frederikshavn.dk\/en\/indoor-swimming-pool\/\"},{\"@type\":\"ListItem\",\"position\":3,\"name\":\"Children&#8217;s birthday parties\"}]},{\"@type\":\"WebSite\",\"@id\":\"https:\/\/svommehal.frederikshavn.dk\/en\/#website\",\"url\":\"https:\/\/svommehal.frederikshavn.dk\/en\/\",\"name\":\"Frederikshavn Sv\u00f8mmehal\",\"description\":\"Velkommen til Frederikshavn Sv\u00f8mmehal i Nordjylland\",\"publisher\":{\"@id\":\"https:\/\/svommehal.frederikshavn.dk\/en\/#organization\"},\"potentialAction\":[{\"@type\":\"SearchAction\",\"target\":{\"@type\":\"EntryPoint\",\"urlTemplate\":\"https:\/\/svommehal.frederikshavn.dk\/en\/?s={search_term_string}\"},\"query-input\":{\"@type\":\"PropertyValueSpecification\",\"valueRequired\":true,\"valueName\":\"search_term_string\"}}],\"inLanguage\":\"en-US\"},{\"@type\":\"Organization\",\"@id\":\"https:\/\/svommehal.frederikshavn.dk\/en\/#organization\",\"name\":\"Frederikshavn Sv\u00f8mmehal\",\"url\":\"https:\/\/svommehal.frederikshavn.dk\/en\/\",\"logo\":{\"@type\":\"ImageObject\",\"inLanguage\":\"en-US\",\"@id\":\"https:\/\/svommehal.frederikshavn.dk\/en\/#\/schema\/logo\/image\/\",\"url\":\"https:\/\/svommehal.frederikshavn.dk\/wp-content\/uploads\/2023\/04\/logo.png\",\"contentUrl\":\"https:\/\/svommehal.frederikshavn.dk\/wp-content\/uploads\/2023\/04\/logo.png\",\"width\":696,\"height\":641,\"caption\":\"Frederikshavn Sv\u00f8mmehal\"},\"image\":{\"@id\":\"https:\/\/svommehal.frederikshavn.dk\/en\/#\/schema\/logo\/image\/\"}}]}<\/script>\n<!-- \/ Yoast SEO plugin. -->","yoast_head_json":{"title":"Children's birthday parties &#183; Frederikshavn Sv\u00f8mmehal","robots":{"index":"index","follow":"follow","max-snippet":"max-snippet:-1","max-image-preview":"max-image-preview:large","max-video-preview":"max-video-preview:-1"},"canonical":"https:\/\/svommehal.frederikshavn.dk\/en\/indoor-swimming-pool\/childrens-birthday-parties\/","og_locale":"en_US","og_type":"article","og_title":"Children's birthday parties &#183; Frederikshavn Sv\u00f8mmehal","og_description":"[vc_row full_width=&#8221;stretch_row&#8221; el_class=&#8221;light&#8221;][vc_column][vc_row_inner equal_height=&#8221;yes&#8221;][vc_column_inner width=&#8221;1\/2&#8243; offset=&#8221;vc_col-lg-8 vc_col-md-8 vc_col-xs-12&#8243;][vc_column_text] Children&#8217;s birthday parties Have a fun and different children&#8217;s birthday party The caf\u00e9 would love to host your next birthday party. We have 3 different menus to choose from, the birthday child chooses one of the 3 options. You can set the table in the caf\u00e9 or ... Read more","og_url":"https:\/\/svommehal.frederikshavn.dk\/en\/indoor-swimming-pool\/childrens-birthday-parties\/","og_site_name":"Frederikshavn Sv\u00f8mmehal","article_modified_time":"2025-02-24T10:52:39+00:00","og_image":[{"width":2048,"height":1430,"url":"https:\/\/svommehal.frederikshavn.dk\/wp-content\/uploads\/2025\/02\/img-3239-scaled.jpg","type":"image\/jpeg"}],"twitter_card":"summary_large_image","twitter_misc":{"Est. reading time":"3 minutes"},"schema":{"@context":"https:\/\/schema.org","@graph":[{"@type":"WebPage","@id":"https:\/\/svommehal.frederikshavn.dk\/en\/indoor-swimming-pool\/childrens-birthday-parties\/","url":"https:\/\/svommehal.frederikshavn.dk\/en\/indoor-swimming-pool\/childrens-birthday-parties\/","name":"Children's birthday parties &#183; Frederikshavn Sv\u00f8mmehal","isPartOf":{"@id":"https:\/\/svommehal.frederikshavn.dk\/en\/#website"},"primaryImageOfPage":{"@id":"https:\/\/svommehal.frederikshavn.dk\/en\/indoor-swimming-pool\/childrens-birthday-parties\/#primaryimage"},"image":{"@id":"https:\/\/svommehal.frederikshavn.dk\/en\/indoor-swimming-pool\/childrens-birthday-parties\/#primaryimage"},"thumbnailUrl":"https:\/\/svommehal.frederikshavn.dk\/wp-content\/uploads\/2025\/02\/img-3239-scaled.jpg","datePublished":"2023-04-27T10:32:03+00:00","dateModified":"2025-02-24T10:52:39+00:00","breadcrumb":{"@id":"https:\/\/svommehal.frederikshavn.dk\/en\/indoor-swimming-pool\/childrens-birthday-parties\/#breadcrumb"},"inLanguage":"en-US","potentialAction":[{"@type":"ReadAction","target":["https:\/\/svommehal.frederikshavn.dk\/en\/indoor-swimming-pool\/childrens-birthday-parties\/"]}]},{"@type":"ImageObject","inLanguage":"en-US","@id":"https:\/\/svommehal.frederikshavn.dk\/en\/indoor-swimming-pool\/childrens-birthday-parties\/#primaryimage","url":"https:\/\/svommehal.frederikshavn.dk\/wp-content\/uploads\/2025\/02\/img-3239-scaled.jpg","contentUrl":"https:\/\/svommehal.frederikshavn.dk\/wp-content\/uploads\/2025\/02\/img-3239-scaled.jpg","width":2048,"height":1430,"caption":"B\u00f8rnef\u00f8dselsdag i sv\u00f8mmehal i Frederikshavn"},{"@type":"BreadcrumbList","@id":"https:\/\/svommehal.frederikshavn.dk\/en\/indoor-swimming-pool\/childrens-birthday-parties\/#breadcrumb","itemListElement":[{"@type":"ListItem","position":1,"name":"Hjem","item":"https:\/\/svommehal.frederikshavn.dk\/en\/home-page\/"},{"@type":"ListItem","position":2,"name":"Indoor swimming pool","item":"https:\/\/svommehal.frederikshavn.dk\/en\/indoor-swimming-pool\/"},{"@type":"ListItem","position":3,"name":"Children&#8217;s birthday parties"}]},{"@type":"WebSite","@id":"https:\/\/svommehal.frederikshavn.dk\/en\/#website","url":"https:\/\/svommehal.frederikshavn.dk\/en\/","name":"Frederikshavn Sv\u00f8mmehal","description":"Velkommen til Frederikshavn Sv\u00f8mmehal i Nordjylland","publisher":{"@id":"https:\/\/svommehal.frederikshavn.dk\/en\/#organization"},"potentialAction":[{"@type":"SearchAction","target":{"@type":"EntryPoint","urlTemplate":"https:\/\/svommehal.frederikshavn.dk\/en\/?s={search_term_string}"},"query-input":{"@type":"PropertyValueSpecification","valueRequired":true,"valueName":"search_term_string"}}],"inLanguage":"en-US"},{"@type":"Organization","@id":"https:\/\/svommehal.frederikshavn.dk\/en\/#organization","name":"Frederikshavn Sv\u00f8mmehal","url":"https:\/\/svommehal.frederikshavn.dk\/en\/","logo":{"@type":"ImageObject","inLanguage":"en-US","@id":"https:\/\/svommehal.frederikshavn.dk\/en\/#\/schema\/logo\/image\/","url":"https:\/\/svommehal.frederikshavn.dk\/wp-content\/uploads\/2023\/04\/logo.png","contentUrl":"https:\/\/svommehal.frederikshavn.dk\/wp-content\/uploads\/2023\/04\/logo.png","width":696,"height":641,"caption":"Frederikshavn Sv\u00f8mmehal"},"image":{"@id":"https:\/\/svommehal.frederikshavn.dk\/en\/#\/schema\/logo\/image\/"}}]}},"_links":{"self":[{"href":"https:\/\/svommehal.frederikshavn.dk\/en\/wp-json\/wp\/v2\/pages\/6569","targetHints":{"allow":["GET"]}}],"collection":[{"href":"https:\/\/svommehal.frederikshavn.dk\/en\/wp-json\/wp\/v2\/pages"}],"about":[{"href":"https:\/\/svommehal.frederikshavn.dk\/en\/wp-json\/wp\/v2\/types\/page"}],"author":[{"embeddable":true,"href":"https:\/\/svommehal.frederikshavn.dk\/en\/wp-json\/wp\/v2\/users\/1"}],"replies":[{"embeddable":true,"href":"https:\/\/svommehal.frederikshavn.dk\/en\/wp-json\/wp\/v2\/comments?post=6569"}],"version-history":[{"count":10,"href":"https:\/\/svommehal.frederikshavn.dk\/en\/wp-json\/wp\/v2\/pages\/6569\/revisions"}],"predecessor-version":[{"id":6598,"href":"https:\/\/svommehal.frederikshavn.dk\/en\/wp-json\/wp\/v2\/pages\/6569\/revisions\/6598"}],"up":[{"embeddable":true,"href":"https:\/\/svommehal.frederikshavn.dk\/en\/wp-json\/wp\/v2\/pages\/6664"}],"wp:featuredmedia":[{"embeddable":true,"href":"https:\/\/svommehal.frederikshavn.dk\/en\/wp-json\/wp\/v2\/media\/6294"}],"wp:attachment":[{"href":"https:\/\/svommehal.frederikshavn.dk\/en\/wp-json\/wp\/v2\/media?parent=6569"}],"wp:term":[{"taxonomy":"category","embeddable":true,"href":"https:\/\/svommehal.frederikshavn.dk\/en\/wp-json\/wp\/v2\/categories?post=6569"}],"curies":[{"name":"wp","href":"https:\/\/api.w.org\/{rel}","templated":true}]}}